{"id":482,"date":"2023-06-15T12:22:32","date_gmt":"2023-06-15T10:22:32","guid":{"rendered":"https:\/\/www.zebrarachunkowa.pl\/?page_id=482"},"modified":"2023-06-15T12:25:21","modified_gmt":"2023-06-15T10:25:21","slug":"projet-ue","status":"publish","type":"page","link":"https:\/\/www.zebrarachunkowa.pl\/fr\/projet-ue\/","title":{"rendered":"Projet UE"},"content":{"rendered":"<p>La soci\u00e9t\u00e9 Biznes Butik Sp\u00f3\u0142ka z ograniczon\u0105 odpowiedzialno\u015bci\u0105 Sp\u00f3\u0142ka komandytowa r\u00e9alise un projet intitul\u00e9 \u00ab\u00a0Le d\u00e9veloppement de l\u2019entreprise Biznes Butik sp. z o.o. sp.k. par l\u2019achat et la mise en \u0153uvre d\u2019une plate-forme de gestion d\u2019un bureau comptable \u00e0 distance afin de permettre le travail \u00e0 distance et d\u2019augmenter la comp\u00e9titivit\u00e9 de la soci\u00e9t\u00e9 de conseil affect\u00e9e par les effets n\u00e9gatifs de la pand\u00e9mie COVID-19\u00a0\u00bb.<br \/>\nLe projet est cofinanc\u00e9 au titre de la mesure II.3.1 Innovations dans les PME du Programme op\u00e9rationnel r\u00e9gional de la vo\u00efvodie de \u0141\u00f3d\u017a pour les ann\u00e9es 2014-2020. L\u2019objectif principal du projet est d\u2019augmenter la comp\u00e9titivit\u00e9 de l\u2019entreprise du Demandeur, en diversifiant l\u2019offre et en augmentant l\u2019innovation de l\u2019entit\u00e9 li\u00e9e au lancement d\u2019une plateforme Internet d\u2019auto-comptabilit\u00e9 et d\u2019un bureau comptable en ligne. La mise en \u0153uvre de l\u2019objectif principal du projet contribuera \u00e0 l\u2019augmentation de la comp\u00e9titivit\u00e9 des entreprises du secteur des PME dans la vo\u00efvodie de \u0141\u00f3d\u017a et fournira \u00e9galement un soutien \u00e0 une entreprise affect\u00e9e n\u00e9gativement par les effets de l\u2019\u00e9pid\u00e9mie de COVID-19. La r\u00e9alisation de l\u2019objectif direct de l\u2019investissement sera possible gr\u00e2ce \u00e0 la mise en \u0153uvre des activit\u00e9s sp\u00e9cifi\u00e9es dans la demande de cofinancement, la mise en \u0153uvre des indicateurs de produit et de r\u00e9sultat suppos\u00e9s, ainsi qu\u2019\u00e0 la mise en \u0153uvre des objectifs interm\u00e9diaires.<\/p>\n","protected":false},"excerpt":{"rendered":"<p>La soci\u00e9t\u00e9 Biznes Butik Sp\u00f3\u0142ka z ograniczon\u0105 odpowiedzialno\u015bci\u0105 Sp\u00f3\u0142ka komandytowa r\u00e9alise un projet intitul\u00e9 \u00ab\u00a0Le d\u00e9veloppement de l\u2019entreprise Biznes Butik [&hellip;]<\/p>\n","protected":false},"author":1,"featured_media":0,"parent":0,"menu_order":0,"comment_status":"closed","ping_status":"closed","template":"","meta":{"footnotes":""},"class_list":["post-482","page","type-page","status-publish","hentry"],"acf":[],"yoast_head":"<!-- This site is optimized with the Yoast SEO plugin v20.10 - https:\/\/yoast.com\/wordpress\/plugins\/seo\/ -->\n<title>Projet UE - Zebra Rachunkowa - Votre comptabilit\u00e9 noir sur blanc<\/title>\n<meta name=\"robots\" content=\"index, follow, max-snippet:-1, max-image-preview:large, max-video-preview:-1\" \/>\n<link rel=\"canonical\" href=\"https:\/\/www.zebrarachunkowa.pl\/fr\/projet-ue\/\" \/>\n<meta property=\"og:locale\" content=\"fr_FR\" \/>\n<meta property=\"og:type\" content=\"article\" \/>\n<meta property=\"og:title\" content=\"Projet UE - Zebra Rachunkowa - Votre comptabilit\u00e9 noir sur blanc\" \/>\n<meta property=\"og:description\" content=\"La soci\u00e9t\u00e9 Biznes Butik Sp\u00f3\u0142ka z ograniczon\u0105 odpowiedzialno\u015bci\u0105 Sp\u00f3\u0142ka komandytowa r\u00e9alise un projet intitul\u00e9 \u00ab\u00a0Le d\u00e9veloppement de l\u2019entreprise Biznes Butik [&hellip;]\" \/>\n<meta property=\"og:url\" content=\"https:\/\/www.zebrarachunkowa.pl\/fr\/projet-ue\/\" \/>\n<meta property=\"og:site_name\" content=\"Zebra Rachunkowa - Votre comptabilit\u00e9 noir sur blanc\" \/>\n<meta property=\"article:modified_time\" content=\"2023-06-15T10:25:21+00:00\" \/>\n<meta name=\"twitter:card\" content=\"summary_large_image\" \/>\n<meta name=\"twitter:label1\" content=\"Dur\u00e9e de lecture estim\u00e9e\" \/>\n\t<meta name=\"twitter:data1\" content=\"2 minutes\" \/>\n<script type=\"application\/ld+json\" class=\"yoast-schema-graph\">{\"@context\":\"https:\/\/schema.org\",\"@graph\":[{\"@type\":\"WebPage\",\"@id\":\"https:\/\/www.zebrarachunkowa.pl\/fr\/projet-ue\/\",\"url\":\"https:\/\/www.zebrarachunkowa.pl\/fr\/projet-ue\/\",\"name\":\"Projet UE - Zebra Rachunkowa - Votre comptabilit\u00e9 noir sur blanc\",\"isPartOf\":{\"@id\":\"https:\/\/www.zebrarachunkowa.pl\/#website\"},\"datePublished\":\"2023-06-15T10:22:32+00:00\",\"dateModified\":\"2023-06-15T10:25:21+00:00\",\"breadcrumb\":{\"@id\":\"https:\/\/www.zebrarachunkowa.pl\/fr\/projet-ue\/#breadcrumb\"},\"inLanguage\":\"fr-FR\",\"potentialAction\":[{\"@type\":\"ReadAction\",\"target\":[\"https:\/\/www.zebrarachunkowa.pl\/fr\/projet-ue\/\"]}]},{\"@type\":\"BreadcrumbList\",\"@id\":\"https:\/\/www.zebrarachunkowa.pl\/fr\/projet-ue\/#breadcrumb\",\"itemListElement\":[{\"@type\":\"ListItem\",\"position\":1,\"name\":\"Strona g\u0142\u00f3wna\",\"item\":\"https:\/\/www.zebrarachunkowa.pl\/fr\/\"},{\"@type\":\"ListItem\",\"position\":2,\"name\":\"Projet UE\"}]},{\"@type\":\"WebSite\",\"@id\":\"https:\/\/www.zebrarachunkowa.pl\/#website\",\"url\":\"https:\/\/www.zebrarachunkowa.pl\/\",\"name\":\"Zebra Rachunkowa - Votre comptabilit\u00e9 noir sur blanc\",\"description\":\"Votre comptabilit\u00e9 noir sur blanc\",\"potentialAction\":[{\"@type\":\"SearchAction\",\"target\":{\"@type\":\"EntryPoint\",\"urlTemplate\":\"https:\/\/www.zebrarachunkowa.pl\/?s={search_term_string}\"},\"query-input\":\"required name=search_term_string\"}],\"inLanguage\":\"fr-FR\"}]}<\/script>\n<!-- \/ Yoast SEO plugin. -->","yoast_head_json":{"title":"Projet UE - Zebra Rachunkowa - Votre comptabilit\u00e9 noir sur blanc","robots":{"index":"index","follow":"follow","max-snippet":"max-snippet:-1","max-image-preview":"max-image-preview:large","max-video-preview":"max-video-preview:-1"},"canonical":"https:\/\/www.zebrarachunkowa.pl\/fr\/projet-ue\/","og_locale":"fr_FR","og_type":"article","og_title":"Projet UE - Zebra Rachunkowa - Votre comptabilit\u00e9 noir sur blanc","og_description":"La soci\u00e9t\u00e9 Biznes Butik Sp\u00f3\u0142ka z ograniczon\u0105 odpowiedzialno\u015bci\u0105 Sp\u00f3\u0142ka komandytowa r\u00e9alise un projet intitul\u00e9 \u00ab\u00a0Le d\u00e9veloppement de l\u2019entreprise Biznes Butik [&hellip;]","og_url":"https:\/\/www.zebrarachunkowa.pl\/fr\/projet-ue\/","og_site_name":"Zebra Rachunkowa - Votre comptabilit\u00e9 noir sur blanc","article_modified_time":"2023-06-15T10:25:21+00:00","twitter_card":"summary_large_image","twitter_misc":{"Dur\u00e9e de lecture estim\u00e9e":"2 minutes"},"schema":{"@context":"https:\/\/schema.org","@graph":[{"@type":"WebPage","@id":"https:\/\/www.zebrarachunkowa.pl\/fr\/projet-ue\/","url":"https:\/\/www.zebrarachunkowa.pl\/fr\/projet-ue\/","name":"Projet UE - Zebra Rachunkowa - Votre comptabilit\u00e9 noir sur blanc","isPartOf":{"@id":"https:\/\/www.zebrarachunkowa.pl\/#website"},"datePublished":"2023-06-15T10:22:32+00:00","dateModified":"2023-06-15T10:25:21+00:00","breadcrumb":{"@id":"https:\/\/www.zebrarachunkowa.pl\/fr\/projet-ue\/#breadcrumb"},"inLanguage":"fr-FR","potentialAction":[{"@type":"ReadAction","target":["https:\/\/www.zebrarachunkowa.pl\/fr\/projet-ue\/"]}]},{"@type":"BreadcrumbList","@id":"https:\/\/www.zebrarachunkowa.pl\/fr\/projet-ue\/#breadcrumb","itemListElement":[{"@type":"ListItem","position":1,"name":"Strona g\u0142\u00f3wna","item":"https:\/\/www.zebrarachunkowa.pl\/fr\/"},{"@type":"ListItem","position":2,"name":"Projet UE"}]},{"@type":"WebSite","@id":"https:\/\/www.zebrarachunkowa.pl\/#website","url":"https:\/\/www.zebrarachunkowa.pl\/","name":"Zebra Rachunkowa - Votre comptabilit\u00e9 noir sur blanc","description":"Votre comptabilit\u00e9 noir sur blanc","potentialAction":[{"@type":"SearchAction","target":{"@type":"EntryPoint","urlTemplate":"https:\/\/www.zebrarachunkowa.pl\/?s={search_term_string}"},"query-input":"required name=search_term_string"}],"inLanguage":"fr-FR"}]}},"_links":{"self":[{"href":"https:\/\/www.zebrarachunkowa.pl\/fr\/wp-json\/wp\/v2\/pages\/482","targetHints":{"allow":["GET"]}}],"collection":[{"href":"https:\/\/www.zebrarachunkowa.pl\/fr\/wp-json\/wp\/v2\/pages"}],"about":[{"href":"https:\/\/www.zebrarachunkowa.pl\/fr\/wp-json\/wp\/v2\/types\/page"}],"author":[{"embeddable":true,"href":"https:\/\/www.zebrarachunkowa.pl\/fr\/wp-json\/wp\/v2\/users\/1"}],"replies":[{"embeddable":true,"href":"https:\/\/www.zebrarachunkowa.pl\/fr\/wp-json\/wp\/v2\/comments?post=482"}],"version-history":[{"count":4,"href":"https:\/\/www.zebrarachunkowa.pl\/fr\/wp-json\/wp\/v2\/pages\/482\/revisions"}],"predecessor-version":[{"id":486,"href":"https:\/\/www.zebrarachunkowa.pl\/fr\/wp-json\/wp\/v2\/pages\/482\/revisions\/486"}],"wp:attachment":[{"href":"https:\/\/www.zebrarachunkowa.pl\/fr\/wp-json\/wp\/v2\/media?parent=482"}],"curies":[{"name":"wp","href":"https:\/\/api.w.org\/{rel}","templated":true}]}}