{"id":480,"date":"2023-06-15T12:21:19","date_gmt":"2023-06-15T10:21:19","guid":{"rendered":"https:\/\/www.zebrarachunkowa.pl\/?page_id=480"},"modified":"2023-06-28T12:38:00","modified_gmt":"2023-06-28T10:38:00","slug":"politique-de-confidentialite","status":"publish","type":"page","link":"https:\/\/www.zebrarachunkowa.pl\/fr\/politique-de-confidentialite\/","title":{"rendered":"Politique de confidentialit\u00e9"},"content":{"rendered":"<p>Politique de confidentialit\u00e9 du site www.zebrarachunkowa.pl<\/p>\n<p>1. Informations g\u00e9n\u00e9rales<br \/>\nLa pr\u00e9sente Politique de confidentialit\u00e9 d\u00e9finit les r\u00e8gles de traitement et de protection des donn\u00e9es \u00e0 caract\u00e8re personnel fournies par les Utilisateurs en rapport avec l\u2019utilisation des services li\u00e9s \u00e0 la comptabilit\u00e9 et au conseil.<\/p>\n<p>2. La soci\u00e9t\u00e9 BiznesButik Sp z o.o. sp. k. \u0141agiewnicka 104, no NIP 7262677345, no REGON 383354669 est le Responsable du traitement des donn\u00e9es \u00e0 caract\u00e8re personnel contenues dans le site.<\/p>\n<p>3. Dans l\u2019int\u00e9r\u00eat de la s\u00e9curit\u00e9 des donn\u00e9es qui nous sont confi\u00e9es, nous avons \u00e9labor\u00e9 des proc\u00e9dures internes et des recommandations pour emp\u00eacher la divulgation des donn\u00e9es \u00e0 des personnes non autoris\u00e9es. Nous contr\u00f4lons leurs performances et v\u00e9rifions en permanence leur conformit\u00e9 avec les actes juridiques pertinents &#8211; la loi sur la protection des donn\u00e9es \u00e0 caract\u00e8re personnel, la loi sur la fourniture de services \u00e9lectroniques, ainsi que toutes sortes d\u2019actes ex\u00e9cutifs et de lois communautaires.<\/p>\n<p>4. Les donn\u00e9es \u00e0 caract\u00e8re personnel sont trait\u00e9es sur la base du consentement exprim\u00e9 par l\u2019Utilisateur et, dans les cas o\u00f9 la loi autorise le Responsable du traitement \u00e0 traiter les donn\u00e9es \u00e0 caract\u00e8re personnel, sur la base de la loi ou aux fins de l\u2019ex\u00e9cution du contrat conclu entre les parties.<\/p>\n<p>5. Le site obtient des informations sur les utilisateurs et leur comportement de la mani\u00e8re suivante:<\/p>\n<p>a) par des informations saisies volontairement dans les formulaires,<\/p>\n<p>b) en collectant des \u00ab cookies \u00bb [voir la politique \u00ab cookies \u00bb].<\/p>\n","protected":false},"excerpt":{"rendered":"<p>Politique de confidentialit\u00e9 du site www.zebrarachunkowa.pl 1. Informations g\u00e9n\u00e9rales La pr\u00e9sente Politique de confidentialit\u00e9 d\u00e9finit les r\u00e8gles de traitement et [&hellip;]<\/p>\n","protected":false},"author":1,"featured_media":0,"parent":0,"menu_order":0,"comment_status":"closed","ping_status":"closed","template":"","meta":{"footnotes":""},"class_list":["post-480","page","type-page","status-publish","hentry"],"acf":[],"yoast_head":"<!-- This site is optimized with the Yoast SEO plugin v20.10 - https:\/\/yoast.com\/wordpress\/plugins\/seo\/ -->\n<title>Politique de confidentialit\u00e9 - Zebra Rachunkowa - Votre comptabilit\u00e9 noir sur blanc<\/title>\n<meta name=\"robots\" content=\"index, follow, max-snippet:-1, max-image-preview:large, max-video-preview:-1\" \/>\n<link rel=\"canonical\" href=\"https:\/\/www.zebrarachunkowa.pl\/fr\/politique-de-confidentialite\/\" \/>\n<meta property=\"og:locale\" content=\"fr_FR\" \/>\n<meta property=\"og:type\" content=\"article\" \/>\n<meta property=\"og:title\" content=\"Politique de confidentialit\u00e9 - Zebra Rachunkowa - Votre comptabilit\u00e9 noir sur blanc\" \/>\n<meta property=\"og:description\" content=\"Politique de confidentialit\u00e9 du site www.zebrarachunkowa.pl 1. Informations g\u00e9n\u00e9rales La pr\u00e9sente Politique de confidentialit\u00e9 d\u00e9finit les r\u00e8gles de traitement et [&hellip;]\" \/>\n<meta property=\"og:url\" content=\"https:\/\/www.zebrarachunkowa.pl\/fr\/politique-de-confidentialite\/\" \/>\n<meta property=\"og:site_name\" content=\"Zebra Rachunkowa - Votre comptabilit\u00e9 noir sur blanc\" \/>\n<meta property=\"article:modified_time\" content=\"2023-06-28T10:38:00+00:00\" \/>\n<meta name=\"twitter:card\" content=\"summary_large_image\" \/>\n<meta name=\"twitter:label1\" content=\"Dur\u00e9e de lecture estim\u00e9e\" \/>\n\t<meta name=\"twitter:data1\" content=\"2 minutes\" \/>\n<script type=\"application\/ld+json\" class=\"yoast-schema-graph\">{\"@context\":\"https:\/\/schema.org\",\"@graph\":[{\"@type\":\"WebPage\",\"@id\":\"https:\/\/www.zebrarachunkowa.pl\/fr\/politique-de-confidentialite\/\",\"url\":\"https:\/\/www.zebrarachunkowa.pl\/fr\/politique-de-confidentialite\/\",\"name\":\"Politique de confidentialit\u00e9 - Zebra Rachunkowa - Votre comptabilit\u00e9 noir sur blanc\",\"isPartOf\":{\"@id\":\"https:\/\/www.zebrarachunkowa.pl\/#website\"},\"datePublished\":\"2023-06-15T10:21:19+00:00\",\"dateModified\":\"2023-06-28T10:38:00+00:00\",\"breadcrumb\":{\"@id\":\"https:\/\/www.zebrarachunkowa.pl\/fr\/politique-de-confidentialite\/#breadcrumb\"},\"inLanguage\":\"fr-FR\",\"potentialAction\":[{\"@type\":\"ReadAction\",\"target\":[\"https:\/\/www.zebrarachunkowa.pl\/fr\/politique-de-confidentialite\/\"]}]},{\"@type\":\"BreadcrumbList\",\"@id\":\"https:\/\/www.zebrarachunkowa.pl\/fr\/politique-de-confidentialite\/#breadcrumb\",\"itemListElement\":[{\"@type\":\"ListItem\",\"position\":1,\"name\":\"Strona g\u0142\u00f3wna\",\"item\":\"https:\/\/www.zebrarachunkowa.pl\/fr\/\"},{\"@type\":\"ListItem\",\"position\":2,\"name\":\"Politique de confidentialit\u00e9\"}]},{\"@type\":\"WebSite\",\"@id\":\"https:\/\/www.zebrarachunkowa.pl\/#website\",\"url\":\"https:\/\/www.zebrarachunkowa.pl\/\",\"name\":\"Zebra Rachunkowa - Votre comptabilit\u00e9 noir sur blanc\",\"description\":\"Votre comptabilit\u00e9 noir sur blanc\",\"potentialAction\":[{\"@type\":\"SearchAction\",\"target\":{\"@type\":\"EntryPoint\",\"urlTemplate\":\"https:\/\/www.zebrarachunkowa.pl\/?s={search_term_string}\"},\"query-input\":\"required name=search_term_string\"}],\"inLanguage\":\"fr-FR\"}]}<\/script>\n<!-- \/ Yoast SEO plugin. -->","yoast_head_json":{"title":"Politique de confidentialit\u00e9 - Zebra Rachunkowa - Votre comptabilit\u00e9 noir sur blanc","robots":{"index":"index","follow":"follow","max-snippet":"max-snippet:-1","max-image-preview":"max-image-preview:large","max-video-preview":"max-video-preview:-1"},"canonical":"https:\/\/www.zebrarachunkowa.pl\/fr\/politique-de-confidentialite\/","og_locale":"fr_FR","og_type":"article","og_title":"Politique de confidentialit\u00e9 - Zebra Rachunkowa - Votre comptabilit\u00e9 noir sur blanc","og_description":"Politique de confidentialit\u00e9 du site www.zebrarachunkowa.pl 1. Informations g\u00e9n\u00e9rales La pr\u00e9sente Politique de confidentialit\u00e9 d\u00e9finit les r\u00e8gles de traitement et [&hellip;]","og_url":"https:\/\/www.zebrarachunkowa.pl\/fr\/politique-de-confidentialite\/","og_site_name":"Zebra Rachunkowa - Votre comptabilit\u00e9 noir sur blanc","article_modified_time":"2023-06-28T10:38:00+00:00","twitter_card":"summary_large_image","twitter_misc":{"Dur\u00e9e de lecture estim\u00e9e":"2 minutes"},"schema":{"@context":"https:\/\/schema.org","@graph":[{"@type":"WebPage","@id":"https:\/\/www.zebrarachunkowa.pl\/fr\/politique-de-confidentialite\/","url":"https:\/\/www.zebrarachunkowa.pl\/fr\/politique-de-confidentialite\/","name":"Politique de confidentialit\u00e9 - Zebra Rachunkowa - Votre comptabilit\u00e9 noir sur blanc","isPartOf":{"@id":"https:\/\/www.zebrarachunkowa.pl\/#website"},"datePublished":"2023-06-15T10:21:19+00:00","dateModified":"2023-06-28T10:38:00+00:00","breadcrumb":{"@id":"https:\/\/www.zebrarachunkowa.pl\/fr\/politique-de-confidentialite\/#breadcrumb"},"inLanguage":"fr-FR","potentialAction":[{"@type":"ReadAction","target":["https:\/\/www.zebrarachunkowa.pl\/fr\/politique-de-confidentialite\/"]}]},{"@type":"BreadcrumbList","@id":"https:\/\/www.zebrarachunkowa.pl\/fr\/politique-de-confidentialite\/#breadcrumb","itemListElement":[{"@type":"ListItem","position":1,"name":"Strona g\u0142\u00f3wna","item":"https:\/\/www.zebrarachunkowa.pl\/fr\/"},{"@type":"ListItem","position":2,"name":"Politique de confidentialit\u00e9"}]},{"@type":"WebSite","@id":"https:\/\/www.zebrarachunkowa.pl\/#website","url":"https:\/\/www.zebrarachunkowa.pl\/","name":"Zebra Rachunkowa - Votre comptabilit\u00e9 noir sur blanc","description":"Votre comptabilit\u00e9 noir sur blanc","potentialAction":[{"@type":"SearchAction","target":{"@type":"EntryPoint","urlTemplate":"https:\/\/www.zebrarachunkowa.pl\/?s={search_term_string}"},"query-input":"required name=search_term_string"}],"inLanguage":"fr-FR"}]}},"_links":{"self":[{"href":"https:\/\/www.zebrarachunkowa.pl\/fr\/wp-json\/wp\/v2\/pages\/480","targetHints":{"allow":["GET"]}}],"collection":[{"href":"https:\/\/www.zebrarachunkowa.pl\/fr\/wp-json\/wp\/v2\/pages"}],"about":[{"href":"https:\/\/www.zebrarachunkowa.pl\/fr\/wp-json\/wp\/v2\/types\/page"}],"author":[{"embeddable":true,"href":"https:\/\/www.zebrarachunkowa.pl\/fr\/wp-json\/wp\/v2\/users\/1"}],"replies":[{"embeddable":true,"href":"https:\/\/www.zebrarachunkowa.pl\/fr\/wp-json\/wp\/v2\/comments?post=480"}],"version-history":[{"count":3,"href":"https:\/\/www.zebrarachunkowa.pl\/fr\/wp-json\/wp\/v2\/pages\/480\/revisions"}],"predecessor-version":[{"id":564,"href":"https:\/\/www.zebrarachunkowa.pl\/fr\/wp-json\/wp\/v2\/pages\/480\/revisions\/564"}],"wp:attachment":[{"href":"https:\/\/www.zebrarachunkowa.pl\/fr\/wp-json\/wp\/v2\/media?parent=480"}],"curies":[{"name":"wp","href":"https:\/\/api.w.org\/{rel}","templated":true}]}}