{"id":439,"date":"2023-06-15T11:13:33","date_gmt":"2023-06-15T09:13:33","guid":{"rendered":"https:\/\/www.zebrarachunkowa.pl\/?page_id=439"},"modified":"2023-06-15T13:31:54","modified_gmt":"2023-06-15T11:31:54","slug":"eu-project","status":"publish","type":"page","link":"https:\/\/www.zebrarachunkowa.pl\/en\/eu-project\/","title":{"rendered":"AN EU PROJECT"},"content":{"rendered":"<p>Butik Sp\u00f3\u0142ka z ograniczon\u0105 odpowiedzialno\u015bci\u0105 sp\u00f3\u0142ka komandytowa implements a project entitled, \u201cBusiness Development of Biznes Butik sp. z o.o. sp.k. Trough Purchase and Implementation of a Remote Accounting Service To Enable Remote Work and Increase the Competitiveness of a Consulting Company Affected by Negative Effects of the COVID-19 Pandemic\u201d.\u2028The project is co-financed under sub-measure II.3.1 Innovations in SMEs of the Regional Operational Program of the \u0141\u00f3dzkie Province for 2014-2020. The project\u2019s main objective is to increase the Applicant\u2019s business competitiveness by diversifying its offer and increasing the entity\u2019s innovativeness related to the launch of an online service for independent accounting and an online accounting firm. The realization of the main objective of the project will contribute to increasing the competitiveness of SMEs in the \u0141\u00f3dzkie Province and also provide support to the business adversely affected by the COVID-19 epidemic. The direct objective of the investment might be achieved through the execution of the activities specified in this funding application, the realization of the established product and result indicators, as well as the performance of intermediate objectives.<\/p>\n","protected":false},"excerpt":{"rendered":"<p>Butik Sp\u00f3\u0142ka z ograniczon\u0105 odpowiedzialno\u015bci\u0105 sp\u00f3\u0142ka komandytowa implements a project entitled, \u201cBusiness Development of Biznes Butik sp. z o.o. sp.k. [&hellip;]<\/p>\n","protected":false},"author":1,"featured_media":0,"parent":0,"menu_order":0,"comment_status":"closed","ping_status":"closed","template":"","meta":{"footnotes":""},"class_list":["post-439","page","type-page","status-publish","hentry"],"acf":[],"yoast_head":"<!-- This site is optimized with the Yoast SEO plugin v20.10 - https:\/\/yoast.com\/wordpress\/plugins\/seo\/ -->\n<title>AN EU PROJECT - Zebra Rachunkowa - Your accounting in black and white<\/title>\n<meta name=\"robots\" content=\"index, follow, max-snippet:-1, max-image-preview:large, max-video-preview:-1\" \/>\n<link rel=\"canonical\" href=\"https:\/\/www.zebrarachunkowa.pl\/en\/eu-project\/\" \/>\n<meta property=\"og:locale\" content=\"en_US\" \/>\n<meta property=\"og:type\" content=\"article\" \/>\n<meta property=\"og:title\" content=\"AN EU PROJECT - Zebra Rachunkowa - Your accounting in black and white\" \/>\n<meta property=\"og:description\" content=\"Butik Sp\u00f3\u0142ka z ograniczon\u0105 odpowiedzialno\u015bci\u0105 sp\u00f3\u0142ka komandytowa implements a project entitled, \u201cBusiness Development of Biznes Butik sp. z o.o. sp.k. [&hellip;]\" \/>\n<meta property=\"og:url\" content=\"https:\/\/www.zebrarachunkowa.pl\/en\/eu-project\/\" \/>\n<meta property=\"og:site_name\" content=\"Zebra Rachunkowa - Your accounting in black and white\" \/>\n<meta property=\"article:modified_time\" content=\"2023-06-15T11:31:54+00:00\" \/>\n<meta name=\"twitter:card\" content=\"summary_large_image\" \/>\n<meta name=\"twitter:label1\" content=\"Est. reading time\" \/>\n\t<meta name=\"twitter:data1\" content=\"2 minutes\" \/>\n<script type=\"application\/ld+json\" class=\"yoast-schema-graph\">{\"@context\":\"https:\/\/schema.org\",\"@graph\":[{\"@type\":\"WebPage\",\"@id\":\"https:\/\/www.zebrarachunkowa.pl\/en\/eu-project\/\",\"url\":\"https:\/\/www.zebrarachunkowa.pl\/en\/eu-project\/\",\"name\":\"AN EU PROJECT - Zebra Rachunkowa - Your accounting in black and white\",\"isPartOf\":{\"@id\":\"https:\/\/www.zebrarachunkowa.pl\/#website\"},\"datePublished\":\"2023-06-15T09:13:33+00:00\",\"dateModified\":\"2023-06-15T11:31:54+00:00\",\"breadcrumb\":{\"@id\":\"https:\/\/www.zebrarachunkowa.pl\/en\/eu-project\/#breadcrumb\"},\"inLanguage\":\"en-US\",\"potentialAction\":[{\"@type\":\"ReadAction\",\"target\":[\"https:\/\/www.zebrarachunkowa.pl\/en\/eu-project\/\"]}]},{\"@type\":\"BreadcrumbList\",\"@id\":\"https:\/\/www.zebrarachunkowa.pl\/en\/eu-project\/#breadcrumb\",\"itemListElement\":[{\"@type\":\"ListItem\",\"position\":1,\"name\":\"Strona g\u0142\u00f3wna\",\"item\":\"https:\/\/www.zebrarachunkowa.pl\/en\/\"},{\"@type\":\"ListItem\",\"position\":2,\"name\":\"AN EU PROJECT\"}]},{\"@type\":\"WebSite\",\"@id\":\"https:\/\/www.zebrarachunkowa.pl\/#website\",\"url\":\"https:\/\/www.zebrarachunkowa.pl\/\",\"name\":\"Zebra Rachunkowa - Your accounting in black and white\",\"description\":\"Your accounting in black and white\",\"potentialAction\":[{\"@type\":\"SearchAction\",\"target\":{\"@type\":\"EntryPoint\",\"urlTemplate\":\"https:\/\/www.zebrarachunkowa.pl\/?s={search_term_string}\"},\"query-input\":\"required name=search_term_string\"}],\"inLanguage\":\"en-US\"}]}<\/script>\n<!-- \/ Yoast SEO plugin. -->","yoast_head_json":{"title":"AN EU PROJECT - Zebra Rachunkowa - Your accounting in black and white","robots":{"index":"index","follow":"follow","max-snippet":"max-snippet:-1","max-image-preview":"max-image-preview:large","max-video-preview":"max-video-preview:-1"},"canonical":"https:\/\/www.zebrarachunkowa.pl\/en\/eu-project\/","og_locale":"en_US","og_type":"article","og_title":"AN EU PROJECT - Zebra Rachunkowa - Your accounting in black and white","og_description":"Butik Sp\u00f3\u0142ka z ograniczon\u0105 odpowiedzialno\u015bci\u0105 sp\u00f3\u0142ka komandytowa implements a project entitled, \u201cBusiness Development of Biznes Butik sp. z o.o. sp.k. [&hellip;]","og_url":"https:\/\/www.zebrarachunkowa.pl\/en\/eu-project\/","og_site_name":"Zebra Rachunkowa - Your accounting in black and white","article_modified_time":"2023-06-15T11:31:54+00:00","twitter_card":"summary_large_image","twitter_misc":{"Est. reading time":"2 minutes"},"schema":{"@context":"https:\/\/schema.org","@graph":[{"@type":"WebPage","@id":"https:\/\/www.zebrarachunkowa.pl\/en\/eu-project\/","url":"https:\/\/www.zebrarachunkowa.pl\/en\/eu-project\/","name":"AN EU PROJECT - Zebra Rachunkowa - Your accounting in black and white","isPartOf":{"@id":"https:\/\/www.zebrarachunkowa.pl\/#website"},"datePublished":"2023-06-15T09:13:33+00:00","dateModified":"2023-06-15T11:31:54+00:00","breadcrumb":{"@id":"https:\/\/www.zebrarachunkowa.pl\/en\/eu-project\/#breadcrumb"},"inLanguage":"en-US","potentialAction":[{"@type":"ReadAction","target":["https:\/\/www.zebrarachunkowa.pl\/en\/eu-project\/"]}]},{"@type":"BreadcrumbList","@id":"https:\/\/www.zebrarachunkowa.pl\/en\/eu-project\/#breadcrumb","itemListElement":[{"@type":"ListItem","position":1,"name":"Strona g\u0142\u00f3wna","item":"https:\/\/www.zebrarachunkowa.pl\/en\/"},{"@type":"ListItem","position":2,"name":"AN EU PROJECT"}]},{"@type":"WebSite","@id":"https:\/\/www.zebrarachunkowa.pl\/#website","url":"https:\/\/www.zebrarachunkowa.pl\/","name":"Zebra Rachunkowa - Your accounting in black and white","description":"Your accounting in black and white","potentialAction":[{"@type":"SearchAction","target":{"@type":"EntryPoint","urlTemplate":"https:\/\/www.zebrarachunkowa.pl\/?s={search_term_string}"},"query-input":"required name=search_term_string"}],"inLanguage":"en-US"}]}},"_links":{"self":[{"href":"https:\/\/www.zebrarachunkowa.pl\/en\/wp-json\/wp\/v2\/pages\/439","targetHints":{"allow":["GET"]}}],"collection":[{"href":"https:\/\/www.zebrarachunkowa.pl\/en\/wp-json\/wp\/v2\/pages"}],"about":[{"href":"https:\/\/www.zebrarachunkowa.pl\/en\/wp-json\/wp\/v2\/types\/page"}],"author":[{"embeddable":true,"href":"https:\/\/www.zebrarachunkowa.pl\/en\/wp-json\/wp\/v2\/users\/1"}],"replies":[{"embeddable":true,"href":"https:\/\/www.zebrarachunkowa.pl\/en\/wp-json\/wp\/v2\/comments?post=439"}],"version-history":[{"count":2,"href":"https:\/\/www.zebrarachunkowa.pl\/en\/wp-json\/wp\/v2\/pages\/439\/revisions"}],"predecessor-version":[{"id":441,"href":"https:\/\/www.zebrarachunkowa.pl\/en\/wp-json\/wp\/v2\/pages\/439\/revisions\/441"}],"wp:attachment":[{"href":"https:\/\/www.zebrarachunkowa.pl\/en\/wp-json\/wp\/v2\/media?parent=439"}],"curies":[{"name":"wp","href":"https:\/\/api.w.org\/{rel}","templated":true}]}}